{"id":6480,"date":"2018-02-05T12:44:44","date_gmt":"2018-02-05T11:44:44","guid":{"rendered":"https:\/\/midevelopment.ch\/nos-services\/"},"modified":"2023-02-06T23:47:09","modified_gmt":"2023-02-06T22:47:09","slug":"nos-services","status":"publish","type":"page","link":"https:\/\/midevelopment.ch\/fr\/nos-services\/","title":{"rendered":"Nos Services"},"content":{"rendered":"<section class=\"wpb-content-wrapper\"><p>[vc_row css=\u00a0\u00bb.vc_custom_1674520211002{padding-top: 50px !important;padding-right: 10px !important;padding-bottom: 50px !important;padding-left: 10px !important;}\u00a0\u00bb][vc_column]<div class=\"section-title-wrapper text-left shortcode-rand-1 zoacres-inline-css\" data-css=\"&quot;.shortcode-rand-1 .title-separator.separator-border { background-color: ; }.shortcode-rand-1 .section-title { color: #000000; text-transform: none; }&quot;\"><div class=\"title-wrap\"><h1 class=\"section-title\">D\u00e9veloppeur <span class=\"title-suffix theme-color\">immobilier<\/span><\/h1><span class=\"sub-title\">Nos services en un coup d&#039;\u0153il<\/span><span class=\"title-separator separator-border theme-color-bg\"><\/span><\/div><!-- .title-wrap --><div class=\"section-description\">De la planification initiale \u00e0 l&rsquo;investissement et aux op\u00e9rations, nous d\u00e9veloppons et b\u00e2tissons tout, des constructions commerciales aux \u00ab\u00a0maisons intelligentes\u00a0\u00bb et aux infrastructures, en mettant l&rsquo;accent sur la qualit\u00e9 de construction et le respect de la date de livraison.<\/div><!-- .section-description --><\/div><!-- .section-title-wrapper -->[vc_row_inner css=\u00a0\u00bb.vc_custom_1674520359446{padding-bottom: 0px !important;}\u00a0\u00bb][vc_column_inner offset=\u00a0\u00bbvc_col-lg-6 vc_col-md-6&Prime;][vc_single_image image=\u00a0\u00bb6187&Prime; img_size=\u00a0\u00bbfull\u00a0\u00bb][\/vc_column_inner][vc_column_inner el_class=\u00a0\u00bbpl-lg-4&Prime; offset=\u00a0\u00bbvc_col-lg-6 vc_col-md-6&Prime;][vc_column_text]M.I.Development con\u00e7oit, d\u00e9veloppe, construit et g\u00e8re des projets immobiliers du d\u00e9but \u00e0 la fin, que ce soit pour des march\u00e9s industriels, commerciaux ou r\u00e9sidentiels dans toute la Suisse romande.<\/p>\n<p>Nous invitons les investisseurs institutionnels et priv\u00e9s \u00e0 explorer nos projets achev\u00e9s et \u00e0 d\u00e9couvrir nos nouveaux d\u00e9veloppements. Que vous ayez besoin de construire, de r\u00e9nover ou d&rsquo;acheter une propri\u00e9t\u00e9, nous vous accompagnerons dans le d\u00e9veloppement pour assurer le succ\u00e8s de votre projet.<\/p>\n<p>Nous d\u00e9finissons la port\u00e9e, le calendrier et le budget de votre projet ; nous coordonnons tous les aspects administratifs, techniques, juridiques et financiers en appliquant les meilleures pratiques et les derni\u00e8res tendances ; nous g\u00e9rons les contrats de sous-traitance, planifions et coordonnons toute la construction, du d\u00e9but \u00e0 la fin.<\/p>\n<p><strong>Nos domaines d&rsquo;activit\u00e9<\/strong><\/p>\n<p>IMMEUBLES DE BUREAUX ET D&rsquo;ADMINISTRATION<\/p>\n<p>CONSTRUCTIONS ET R\u00c9NOVATIONS DE B\u00c2TIMENTS<\/p>\n<p>B\u00c2TIMENTS INDUSTRIELS ET COMMERCIAUX<\/p>\n<p>B\u00c2TIMENTS R\u00c9SIDENTIELS[\/vc_column_text][\/vc_column_inner][\/vc_row_inner][\/vc_column][\/vc_row][vc_row full_width=\u00a0\u00bbstretch_row\u00a0\u00bb css=\u00a0\u00bb.vc_custom_1674520530167{padding-top: 10px !important;padding-bottom: 32px !important;}\u00a0\u00bb][vc_column][vc_row_inner][vc_column_inner width=\u00a0\u00bb1\/3&Prime;]<div class=\"feature-box-wrapper feature-box-style-2 text-left vc_custom_1675044115384 shortcode-rand-2 zoacres-inline-css\" data-css=\"&quot;.shortcode-rand-2.feature-box-wrapper { color: #ffffff; }.shortcode-rand-2.feature-box-wrapper &gt; *:nth-child(1) { margin-bottom: 45px; }.shortcode-rand-2.feature-box-wrapper &gt; *:nth-child(2) { margin-bottom: 35px; }.shortcode-rand-2.feature-box-wrapper {background: -moz-linear-gradient(141deg,  0%,  51%,  75%);\\r\\n\\t\\t\\t\\tbackground: -webkit-linear-gradient(141deg,  0%,  51%,  75%);\\r\\n\\t\\t\\t\\tbackground: linear-gradient(141deg,  0%,  51%,  75%);}.shortcode-rand-2 .feature-box-icon { font-size: 70px; }.shortcode-rand-2:hover .feature-box-icon { color: #ffffff; }.shortcode-rand-2:hover .feature-box-icon { background: none; }&quot;\" ><div class=\"feature-box-title\"><h4 class=\"section-title\">Processus d&#039;initiation de projet<\/h4><\/div><!-- .feature-box-title --><div class=\"feature-box-icon text-center squared icon-light none\"><span class=\"icon-note\"><\/span><\/div><!-- .feature-box-icon --><div class=\"feature-box-content\"><\/p>\n<ul>\n<li>Analyse des besoins et faisabilit\u00e9<\/li>\n<li>Assistance au processus de prise de d\u00e9cision concernant les objectifs de d\u00e9veloppement et de planification<\/li>\n<li>Consultation et conseils sur la s\u00e9lection et l&rsquo;acquisition de biens immobiliers<\/li>\n<li>D\u00e9veloppement du concept<\/li>\n<li>Durabilit\u00e9 et planification globale<\/li>\n<li>Conception sch\u00e9matique<\/li>\n<li>Calendrier &#8211; Budg\u00e9tisation &#8211; Organigramme<\/li>\n<li>Soumission de l&rsquo;offre et des documents contractuels<\/li>\n<\/ul>\n<p><\/div><!-- .feature-box-content --><\/div><!-- .feature-box-wrapper -->[\/vc_column_inner][vc_column_inner width=\u00a0\u00bb1\/3&Prime;]<div class=\"feature-box-wrapper feature-box-style-2 text-left vc_custom_1675044095750 shortcode-rand-3 zoacres-inline-css\" data-css=\"&quot;.shortcode-rand-3.feature-box-wrapper .section-title { color: #474747; }.shortcode-rand-3.feature-box-wrapper &gt; *:nth-child(1) { margin-bottom: 45px; }.shortcode-rand-3.feature-box-wrapper &gt; *:nth-child(2) { margin-bottom: 35px; }.shortcode-rand-3.feature-box-wrapper {background: -moz-linear-gradient(141deg,  0%,  51%,  75%);\\r\\n\\t\\t\\t\\tbackground: -webkit-linear-gradient(141deg,  0%,  51%,  75%);\\r\\n\\t\\t\\t\\tbackground: linear-gradient(141deg,  0%,  51%,  75%);}.shortcode-rand-3 .feature-box-icon { font-size: 70px; }.shortcode-rand-3:hover .feature-box-icon { background: none; }&quot;\" ><div class=\"feature-box-title\"><h4 class=\"section-title\">Gestion de la pr\u00e9construction<\/h4><\/div><!-- .feature-box-title --><div class=\"feature-box-icon text-center squared theme-color none\"><span class=\"icon-docs\"><\/span><\/div><!-- .feature-box-icon --><div class=\"feature-box-content\"><\/p>\n<ul>\n<li>Cartographie par drone<\/li>\n<li>Interaction avec des experts en b\u00e2timent, construction et r\u00e9glementation<\/li>\n<li>Simulation num\u00e9rique, visuels 3D<\/li>\n<li>Plan strat\u00e9gique et \u00e9tapes cl\u00e9s<\/li>\n<li>Plans et sp\u00e9cifications architecturales<\/li>\n<li>Obtenir des permis de construire<\/li>\n<li>Planification int\u00e9grale \u00e0 toutes les \u00e9tapes du travail<\/li>\n<li>Planification des ressources humaines<\/li>\n<li>Planification int\u00e9grale des ressources financi\u00e8res<\/li>\n<\/ul>\n<p><\/div><!-- .feature-box-content --><\/div><!-- .feature-box-wrapper -->[\/vc_column_inner][vc_column_inner width=\u00a0\u00bb1\/3&Prime;]<div class=\"feature-box-wrapper feature-box-style-2 text-left vc_custom_1675044129405 shortcode-rand-4 zoacres-inline-css\" data-css=\"&quot;.shortcode-rand-4.feature-box-wrapper .section-title { color: #474747; }.shortcode-rand-4.feature-box-wrapper &gt; *:nth-child(1) { margin-bottom: 45px; }.shortcode-rand-4.feature-box-wrapper &gt; *:nth-child(2) { margin-bottom: 35px; }.shortcode-rand-4.feature-box-wrapper {background: -moz-linear-gradient(141deg,  0%,  51%,  75%);\\r\\n\\t\\t\\t\\tbackground: -webkit-linear-gradient(141deg,  0%,  51%,  75%);\\r\\n\\t\\t\\t\\tbackground: linear-gradient(141deg,  0%,  51%,  75%);}.shortcode-rand-4 .feature-box-icon { font-size: 70px; }.shortcode-rand-4:hover .feature-box-icon { background: none; }&quot;\" ><div class=\"feature-box-title\"><h4 class=\"section-title\">Gestion de la construction<\/h4><\/div><!-- .feature-box-title --><div class=\"feature-box-icon text-center squared theme-color none\"><span class=\"icon-wrench\"><\/span><\/div><!-- .feature-box-icon --><div class=\"feature-box-content\"><\/p>\n<ul>\n<li>Coordonner l&rsquo;ensemble de la construction<\/li>\n<li>Administrer les contrats de sous-traitance<\/li>\n<li>Contr\u00f4le de l&rsquo;ex\u00e9cution<\/li>\n<li>Gestion de la s\u00e9curit\u00e9<\/li>\n<li>G\u00e9rer les changements et les risques<\/li>\n<li>Dates cibles, co\u00fbts et qualit\u00e9 de la supervision<\/li>\n<li>Suivi et contr\u00f4le global<\/li>\n<li>Contr\u00f4le d&rsquo;ach\u00e8vement<\/li>\n<li>Acceptation &#8211; Transfert<\/li>\n<li>Cl\u00f4ture du projet &#8211; Post-construction<\/li>\n<\/ul>\n<p><\/div><!-- .feature-box-content --><\/div><!-- .feature-box-wrapper -->[\/vc_column_inner][\/vc_row_inner][\/vc_column][\/vc_row][vc_row full_width=\u00a0\u00bbstretch_row\u00a0\u00bb content_placement=\u00a0\u00bbmiddle\u00a0\u00bb row_typo=\u00a0\u00bbwhite\u00a0\u00bb css=\u00a0\u00bb.vc_custom_1668901701250{padding-top: 60px !important;padding-bottom: 60px !important;background-color: #819ca9 !important;}\u00a0\u00bb][vc_column width=\u00a0\u00bb9\/12&Prime;][vc_column_text css=\u00a0\u00bb.vc_custom_1675043925345{margin-bottom: 0px !important;padding-right: 50px !important;padding-left: 20px !important;}\u00a0\u00bb]<\/p>\n<h4>Contactez-nous aujourd&rsquo;hui<\/h4>\n<p>pour discuter plus en d\u00e9tail de nos projets, investissements ou partenariats[\/vc_column_text][\/vc_column][vc_column width=\u00a0\u00bb3\/12&Prime;]<div class=\"btn-wrap d-flex justify-content-end vc_custom_1674521581679\"><a href=\"https:%2F%2Fmidevelopment.ch%2Fcontact-us%2F|\" target=\"\" class=\"btn  zoacres-btn btn-light btn-rounded rounded  shortcode-rand-5 zoacres-inline-css\" data-css=\"&quot;.btn.shortcode-rand-5 { color: #000000; }.btn.shortcode-rand-5:hover { color: #ffffff; }.btn.shortcode-rand-5:hover { background: transparent; }.btn.shortcode-rand-5 { border-style: solid; border-width: 1px; }.btn.shortcode-rand-5 { border-color: #ffffff; }.btn.shortcode-rand-5:hover { border-color: #ffffff; }&quot;\">Nous Contacter<\/a><\/div>[\/vc_column][\/vc_row]<\/p>\n<\/section>","protected":false},"excerpt":{"rendered":"<p>[vc_row css=\u00a0\u00bb.vc_custom_1674520211002{padding-top: 50px !important;padding-right: 10px !important;padding-bottom: 50px !important;padding-left: 10px !important;}\u00a0\u00bb][vc_column][vc_row_inner css=\u00a0\u00bb.vc_custom_1674520359446{padding-bottom: 0px !important;}\u00a0\u00bb][vc_column_inner offset=\u00a0\u00bbvc_col-lg-6 vc_col-md-6&Prime;][vc_single_image image=\u00a0\u00bb6187&Prime; img_size=\u00a0\u00bbfull\u00a0\u00bb][\/vc_column_inner][vc_column_inner el_class=\u00a0\u00bbpl-lg-4&Prime; offset=\u00a0\u00bbvc_col-lg-6 vc_col-md-6&Prime;][vc_column_text]M.I.Development con\u00e7oit, d\u00e9veloppe, construit et g\u00e8re des projets immobiliers du d\u00e9but \u00e0 la fin, que ce soit pour des march\u00e9s industriels, commerciaux ou r\u00e9sidentiels dans toute la Suisse romande. Nous invitons les investisseurs institutionnels et priv\u00e9s<\/p>\n","protected":false},"author":1,"featured_media":0,"parent":0,"menu_order":0,"comment_status":"closed","ping_status":"closed","template":"","meta":{"footnotes":""},"class_list":["post-6480","page","type-page","status-publish","hentry"],"yoast_head":"<!-- This site is optimized with the Yoast SEO plugin v27.5 - https:\/\/yoast.com\/product\/yoast-seo-wordpress\/ -->\n<title>Nos Services - M.I. Development SA<\/title>\n<meta name=\"robots\" content=\"index, follow, max-snippet:-1, max-image-preview:large, max-video-preview:-1\" \/>\n<link rel=\"canonical\" href=\"https:\/\/midevelopment.ch\/fr\/nos-services\/\" \/>\n<meta property=\"og:locale\" content=\"fr_FR\" \/>\n<meta property=\"og:type\" content=\"article\" \/>\n<meta property=\"og:title\" content=\"Nos Services - M.I. Development SA\" \/>\n<meta property=\"og:description\" content=\"[vc_row css=\u00a0\u00bb.vc_custom_1674520211002{padding-top: 50px !important;padding-right: 10px !important;padding-bottom: 50px !important;padding-left: 10px !important;}\u00a0\u00bb][vc_column][vc_row_inner css=\u00a0\u00bb.vc_custom_1674520359446{padding-bottom: 0px !important;}\u00a0\u00bb][vc_column_inner offset=\u00a0\u00bbvc_col-lg-6 vc_col-md-6&Prime;][vc_single_image image=\u00a0\u00bb6187&Prime; img_size=\u00a0\u00bbfull\u00a0\u00bb][\/vc_column_inner][vc_column_inner el_class=\u00a0\u00bbpl-lg-4&Prime; offset=\u00a0\u00bbvc_col-lg-6 vc_col-md-6&Prime;][vc_column_text]M.I.Development con\u00e7oit, d\u00e9veloppe, construit et g\u00e8re des projets immobiliers du d\u00e9but \u00e0 la fin, que ce soit pour des march\u00e9s industriels, commerciaux ou r\u00e9sidentiels dans toute la Suisse romande. Nous invitons les investisseurs institutionnels et priv\u00e9s\" \/>\n<meta property=\"og:url\" content=\"https:\/\/midevelopment.ch\/fr\/nos-services\/\" \/>\n<meta property=\"og:site_name\" content=\"M.I. Development SA\" \/>\n<meta property=\"article:modified_time\" content=\"2023-02-06T22:47:09+00:00\" \/>\n<meta name=\"twitter:card\" content=\"summary_large_image\" \/>\n<meta name=\"twitter:label1\" content=\"Dur\u00e9e de lecture estim\u00e9e\" \/>\n\t<meta name=\"twitter:data1\" content=\"5 minutes\" \/>\n<script type=\"application\/ld+json\" class=\"yoast-schema-graph\">{\"@context\":\"https:\\\/\\\/schema.org\",\"@graph\":[{\"@type\":\"WebPage\",\"@id\":\"https:\\\/\\\/midevelopment.ch\\\/fr\\\/nos-services\\\/\",\"url\":\"https:\\\/\\\/midevelopment.ch\\\/fr\\\/nos-services\\\/\",\"name\":\"Nos Services - M.I. Development SA\",\"isPartOf\":{\"@id\":\"https:\\\/\\\/midevelopment.ch\\\/fr\\\/#website\"},\"datePublished\":\"2018-02-05T11:44:44+00:00\",\"dateModified\":\"2023-02-06T22:47:09+00:00\",\"breadcrumb\":{\"@id\":\"https:\\\/\\\/midevelopment.ch\\\/fr\\\/nos-services\\\/#breadcrumb\"},\"inLanguage\":\"fr-FR\",\"potentialAction\":[{\"@type\":\"ReadAction\",\"target\":[\"https:\\\/\\\/midevelopment.ch\\\/fr\\\/nos-services\\\/\"]}]},{\"@type\":\"BreadcrumbList\",\"@id\":\"https:\\\/\\\/midevelopment.ch\\\/fr\\\/nos-services\\\/#breadcrumb\",\"itemListElement\":[{\"@type\":\"ListItem\",\"position\":1,\"name\":\"Home\",\"item\":\"https:\\\/\\\/midevelopment.ch\\\/fr\\\/\"},{\"@type\":\"ListItem\",\"position\":2,\"name\":\"Nos Services\"}]},{\"@type\":\"WebSite\",\"@id\":\"https:\\\/\\\/midevelopment.ch\\\/fr\\\/#website\",\"url\":\"https:\\\/\\\/midevelopment.ch\\\/fr\\\/\",\"name\":\"M.I. Development SA\",\"description\":\"M.I. Development SA\",\"publisher\":{\"@id\":\"https:\\\/\\\/midevelopment.ch\\\/fr\\\/#organization\"},\"potentialAction\":[{\"@type\":\"SearchAction\",\"target\":{\"@type\":\"EntryPoint\",\"urlTemplate\":\"https:\\\/\\\/midevelopment.ch\\\/fr\\\/?s={search_term_string}\"},\"query-input\":{\"@type\":\"PropertyValueSpecification\",\"valueRequired\":true,\"valueName\":\"search_term_string\"}}],\"inLanguage\":\"fr-FR\"},{\"@type\":\"Organization\",\"@id\":\"https:\\\/\\\/midevelopment.ch\\\/fr\\\/#organization\",\"name\":\"M.I. Development SA\",\"url\":\"https:\\\/\\\/midevelopment.ch\\\/fr\\\/\",\"logo\":{\"@type\":\"ImageObject\",\"inLanguage\":\"fr-FR\",\"@id\":\"https:\\\/\\\/midevelopment.ch\\\/fr\\\/#\\\/schema\\\/logo\\\/image\\\/\",\"url\":\"https:\\\/\\\/midevelopment.ch\\\/wp-content\\\/uploads\\\/2022\\\/11\\\/midev_logo_hor.png\",\"contentUrl\":\"https:\\\/\\\/midevelopment.ch\\\/wp-content\\\/uploads\\\/2022\\\/11\\\/midev_logo_hor.png\",\"width\":127,\"height\":69,\"caption\":\"M.I. Development SA\"},\"image\":{\"@id\":\"https:\\\/\\\/midevelopment.ch\\\/fr\\\/#\\\/schema\\\/logo\\\/image\\\/\"},\"sameAs\":[\"https:\\\/\\\/www.linkedin.com\\\/company\\\/m-i-development\\\/\"]}]}<\/script>\n<!-- \/ Yoast SEO plugin. -->","yoast_head_json":{"title":"Nos Services - M.I. Development SA","robots":{"index":"index","follow":"follow","max-snippet":"max-snippet:-1","max-image-preview":"max-image-preview:large","max-video-preview":"max-video-preview:-1"},"canonical":"https:\/\/midevelopment.ch\/fr\/nos-services\/","og_locale":"fr_FR","og_type":"article","og_title":"Nos Services - M.I. Development SA","og_description":"[vc_row css=\u00a0\u00bb.vc_custom_1674520211002{padding-top: 50px !important;padding-right: 10px !important;padding-bottom: 50px !important;padding-left: 10px !important;}\u00a0\u00bb][vc_column][vc_row_inner css=\u00a0\u00bb.vc_custom_1674520359446{padding-bottom: 0px !important;}\u00a0\u00bb][vc_column_inner offset=\u00a0\u00bbvc_col-lg-6 vc_col-md-6&Prime;][vc_single_image image=\u00a0\u00bb6187&Prime; img_size=\u00a0\u00bbfull\u00a0\u00bb][\/vc_column_inner][vc_column_inner el_class=\u00a0\u00bbpl-lg-4&Prime; offset=\u00a0\u00bbvc_col-lg-6 vc_col-md-6&Prime;][vc_column_text]M.I.Development con\u00e7oit, d\u00e9veloppe, construit et g\u00e8re des projets immobiliers du d\u00e9but \u00e0 la fin, que ce soit pour des march\u00e9s industriels, commerciaux ou r\u00e9sidentiels dans toute la Suisse romande. Nous invitons les investisseurs institutionnels et priv\u00e9s","og_url":"https:\/\/midevelopment.ch\/fr\/nos-services\/","og_site_name":"M.I. Development SA","article_modified_time":"2023-02-06T22:47:09+00:00","twitter_card":"summary_large_image","twitter_misc":{"Dur\u00e9e de lecture estim\u00e9e":"5 minutes"},"schema":{"@context":"https:\/\/schema.org","@graph":[{"@type":"WebPage","@id":"https:\/\/midevelopment.ch\/fr\/nos-services\/","url":"https:\/\/midevelopment.ch\/fr\/nos-services\/","name":"Nos Services - M.I. Development SA","isPartOf":{"@id":"https:\/\/midevelopment.ch\/fr\/#website"},"datePublished":"2018-02-05T11:44:44+00:00","dateModified":"2023-02-06T22:47:09+00:00","breadcrumb":{"@id":"https:\/\/midevelopment.ch\/fr\/nos-services\/#breadcrumb"},"inLanguage":"fr-FR","potentialAction":[{"@type":"ReadAction","target":["https:\/\/midevelopment.ch\/fr\/nos-services\/"]}]},{"@type":"BreadcrumbList","@id":"https:\/\/midevelopment.ch\/fr\/nos-services\/#breadcrumb","itemListElement":[{"@type":"ListItem","position":1,"name":"Home","item":"https:\/\/midevelopment.ch\/fr\/"},{"@type":"ListItem","position":2,"name":"Nos Services"}]},{"@type":"WebSite","@id":"https:\/\/midevelopment.ch\/fr\/#website","url":"https:\/\/midevelopment.ch\/fr\/","name":"M.I. Development SA","description":"M.I. Development SA","publisher":{"@id":"https:\/\/midevelopment.ch\/fr\/#organization"},"potentialAction":[{"@type":"SearchAction","target":{"@type":"EntryPoint","urlTemplate":"https:\/\/midevelopment.ch\/fr\/?s={search_term_string}"},"query-input":{"@type":"PropertyValueSpecification","valueRequired":true,"valueName":"search_term_string"}}],"inLanguage":"fr-FR"},{"@type":"Organization","@id":"https:\/\/midevelopment.ch\/fr\/#organization","name":"M.I. Development SA","url":"https:\/\/midevelopment.ch\/fr\/","logo":{"@type":"ImageObject","inLanguage":"fr-FR","@id":"https:\/\/midevelopment.ch\/fr\/#\/schema\/logo\/image\/","url":"https:\/\/midevelopment.ch\/wp-content\/uploads\/2022\/11\/midev_logo_hor.png","contentUrl":"https:\/\/midevelopment.ch\/wp-content\/uploads\/2022\/11\/midev_logo_hor.png","width":127,"height":69,"caption":"M.I. Development SA"},"image":{"@id":"https:\/\/midevelopment.ch\/fr\/#\/schema\/logo\/image\/"},"sameAs":["https:\/\/www.linkedin.com\/company\/m-i-development\/"]}]}},"_links":{"self":[{"href":"https:\/\/midevelopment.ch\/fr\/wp-json\/wp\/v2\/pages\/6480","targetHints":{"allow":["GET"]}}],"collection":[{"href":"https:\/\/midevelopment.ch\/fr\/wp-json\/wp\/v2\/pages"}],"about":[{"href":"https:\/\/midevelopment.ch\/fr\/wp-json\/wp\/v2\/types\/page"}],"author":[{"embeddable":true,"href":"https:\/\/midevelopment.ch\/fr\/wp-json\/wp\/v2\/users\/1"}],"replies":[{"embeddable":true,"href":"https:\/\/midevelopment.ch\/fr\/wp-json\/wp\/v2\/comments?post=6480"}],"version-history":[{"count":47,"href":"https:\/\/midevelopment.ch\/fr\/wp-json\/wp\/v2\/pages\/6480\/revisions"}],"predecessor-version":[{"id":7360,"href":"https:\/\/midevelopment.ch\/fr\/wp-json\/wp\/v2\/pages\/6480\/revisions\/7360"}],"wp:attachment":[{"href":"https:\/\/midevelopment.ch\/fr\/wp-json\/wp\/v2\/media?parent=6480"}],"curies":[{"name":"wp","href":"https:\/\/api.w.org\/{rel}","templated":true}]}}