{"id":6388,"date":"2018-06-09T11:42:25","date_gmt":"2018-06-09T09:42:25","guid":{"rendered":"https:\/\/midevelopment.ch\/a-propos-de-nous\/"},"modified":"2023-02-06T23:51:30","modified_gmt":"2023-02-06T22:51:30","slug":"a-propos","status":"publish","type":"page","link":"https:\/\/midevelopment.ch\/fr\/a-propos\/","title":{"rendered":"A propos de nous"},"content":{"rendered":"<section class=\"wpb-content-wrapper\"><p>[vc_row css=\u00a0\u00bb.vc_custom_1674518631129{padding-top: 50px !important;padding-right: 10px !important;padding-bottom: 50px !important;padding-left: 10px !important;}\u00a0\u00bb][vc_column el_class=\u00a0\u00bbpr-md-5&Prime; offset=\u00a0\u00bbvc_col-lg-7 vc_col-md-12&Prime;]<div class=\"section-title-wrapper shortcode-rand-1 zoacres-inline-css\" data-css=\"&quot;.shortcode-rand-1 .title-separator.separator-border { background-color: ; }.shortcode-rand-1.section-title-wrapper &gt; *:nth-child(1) { margin-bottom: 50px; }.shortcode-rand-1.section-title-wrapper &gt; *:nth-child(2) { margin-bottom: -25px; }.shortcode-rand-1 .section-title { text-transform: none; }&quot;\"><div class=\"title-wrap\"><h1 class=\"section-title\">Entreprise <span class=\"title-suffix theme-color\">Vue d&#039;ensemble<\/span><\/h1><span class=\"sub-title\">M.I.DEVELOPMENT EN UN COUP D&#039;\u0152IL<\/span><span class=\"title-separator separator-border theme-color-bg\"><\/span><\/div><!-- .title-wrap --><div class=\"section-description\">Fond\u00e9e en 2011, M.I. Development construit des propri\u00e9t\u00e9s r\u00e9sidentielles et commerciales exclusives dans toute la Suisse romande et offre aux investisseurs priv\u00e9s et institutionnels l&rsquo;opportunit\u00e9 d&rsquo;investir dans des projets immobiliers rentables.<\/p>\n<p>Nous cherchons \u00e0 faire les choses diff\u00e9remment avec chaque projet que nous d\u00e9veloppons. Nous apprenons \u00e0 conna\u00eetre les environnements et les communaut\u00e9s dans lesquels ils sont situ\u00e9s, et nous nous inspirons des meilleures pratiques et des derni\u00e8res tendances pour faire en sorte que nos b\u00e2timents soient efficaces et am\u00e9liorent la vie de leurs occupants.<\/p>\n<p>Nous sommes des strat\u00e8ges de l&rsquo;immobilier soucieux de la qualit\u00e9. Nous pensons qu&rsquo;en plus d&rsquo;\u00eatre rentables, innovants et durables, nos projets doivent g\u00e9n\u00e9rer une valeur in\u00e9gal\u00e9e pour leurs locataires, investisseurs, employ\u00e9s et communaut\u00e9s.<\/p>\n<p>Nous s\u00e9lectionnons et g\u00e9rons des op\u00e9rations d&rsquo;investissement immobilier exceptionnelles et invitons les promoteurs entrepreneuriaux, les propri\u00e9taires institutionnels, les fonds d&rsquo;investissement priv\u00e9s, les Family Offices et les investisseurs fortun\u00e9s \u00e0 co-investir avec nous dans des transactions structur\u00e9es.<\/div><!-- .section-description --><\/div><!-- .section-title-wrapper --><div class=\"list-item-wrapper\" data-css=\"&quot;&quot;\"><div class=\"list-item-inner shortcode-rand-3 zoacres-inline-css\" data-css=\"&quot;.shortcode-rand-3 .list-item-title span { color: #29434e; }&quot;\"><div class=\"list-item-title media\"><span class=\"mr-3 fas fa-chevron-circle-right\"><\/span><div class=\"media-body align-self-center list-item-desc\">Esprit entrepreneurial<\/div><\/div><!-- .list-item-title --><\/div><!-- .list-item-inner --><div class=\"list-item-inner shortcode-rand-4 zoacres-inline-css\" data-css=\"&quot;.shortcode-rand-4 .list-item-title span { color: #29434e; }&quot;\"><div class=\"list-item-title media\"><span class=\"mr-3 fas fa-chevron-circle-right\"><\/span><div class=\"media-body align-self-center list-item-desc\">Att\u00e9nuation des risques<\/div><\/div><!-- .list-item-title --><\/div><!-- .list-item-inner --><div class=\"list-item-inner shortcode-rand-5 zoacres-inline-css\" data-css=\"&quot;.shortcode-rand-5 .list-item-title span { color: #29434e; }&quot;\"><div class=\"list-item-title media\"><span class=\"mr-3 fas fa-chevron-circle-right\"><\/span><div class=\"media-body align-self-center list-item-desc\">Collaboration<\/div><\/div><!-- .list-item-title --><\/div><!-- .list-item-inner --><div class=\"list-item-inner shortcode-rand-6 zoacres-inline-css\" data-css=\"&quot;.shortcode-rand-6 .list-item-title span { color: #29434e; }&quot;\"><div class=\"list-item-title media\"><span class=\"mr-3 fas fa-chevron-circle-right\"><\/span><div class=\"media-body align-self-center list-item-desc\">Expertise<\/div><\/div><!-- .list-item-title --><\/div><!-- .list-item-inner --><div class=\"list-item-inner shortcode-rand-7 zoacres-inline-css\" data-css=\"&quot;.shortcode-rand-7 .list-item-title span { color: #29434e; }&quot;\"><div class=\"list-item-title media\"><span class=\"mr-3 fas fa-chevron-circle-right\"><\/span><div class=\"media-body align-self-center list-item-desc\">Int\u00e9grit\u00e9<\/div><\/div><!-- .list-item-title --><\/div><!-- .list-item-inner --><\/div><!-- .list-item-wrapper -->[vc_empty_space height=\u00a0\u00bb20px\u00a0\u00bb][\/vc_column][vc_column offset=\u00a0\u00bbvc_col-lg-5 vc_col-md-12&Prime;][vc_single_image image=\u00a0\u00bb5960&Prime; img_size=\u00a0\u00bbfull\u00a0\u00bb css_animation=\u00a0\u00bbnone\u00a0\u00bb el_class=\u00a0\u00bbbg-img1&Prime;][\/vc_column][\/vc_row][vc_row css=\u00a0\u00bb.vc_custom_1675117251987{padding-top: 0px !important;padding-right: 0px !important;padding-bottom: 0px !important;padding-left: 0px !important;}\u00a0\u00bb][vc_column][vc_empty_space height=\u00a0\u00bb5px\u00a0\u00bb][\/vc_column][\/vc_row][vc_row full_width=\u00a0\u00bbstretch_row\u00a0\u00bb css=\u00a0\u00bb.vc_custom_1675116867806{padding-top: 10px !important;padding-bottom: 80px !important;}\u00a0\u00bb][vc_column offset=\u00a0\u00bbvc_col-lg-4 vc_col-md-4&Prime;]<div class=\"feature-box-wrapper feature-box-style-2 text-left vc_custom_1675292394959 shortcode-rand-8 zoacres-inline-css\" data-css=\"&quot;.shortcode-rand-8.feature-box-wrapper { color: #ffffff; }.shortcode-rand-8.feature-box-wrapper &gt; *:nth-child(1) { margin-bottom: 45px; }.shortcode-rand-8.feature-box-wrapper &gt; *:nth-child(2) { margin-bottom: 35px; }.shortcode-rand-8.feature-box-wrapper {background: -moz-linear-gradient(141deg,  0%,  51%,  75%);\\r\\n\\t\\t\\t\\tbackground: -webkit-linear-gradient(141deg,  0%,  51%,  75%);\\r\\n\\t\\t\\t\\tbackground: linear-gradient(141deg,  0%,  51%,  75%);}.shortcode-rand-8 .feature-box-icon { font-size: 70px; }.shortcode-rand-8:hover .feature-box-icon { background: none; }&quot;\" ><div class=\"feature-box-title\"><h4 class=\"section-title\">Exp\u00e9rience et r\u00e9alisations<\/h4><\/div><!-- .feature-box-title --><div class=\"feature-box-icon text-center squared icon-light none\"><span class=\"icon-diamond\"><\/span><\/div><!-- .feature-box-icon --><div class=\"feature-box-content\">\u00c9tablis en 2011, nous avons d\u00e9velopp\u00e9 au fil des ans un important portefeuille immobilier:<\/p>\n<p>B\u00e2timents commerciaux et industriels, villas, r\u00e9sidences et appartements de luxe nouvellement construits ou r\u00e9nov\u00e9s.<\/p>\n<p>M.I. Development cr\u00e9e de meilleurs environnements de vie en d\u00e9veloppant et en construisant des logements, des locaux commerciaux, des infrastructures et des zones enti\u00e8res.<\/div><!-- .feature-box-content --><\/div><!-- .feature-box-wrapper -->[\/vc_column][vc_column offset=\u00a0\u00bbvc_col-lg-4 vc_col-md-4&Prime;]<div class=\"feature-box-wrapper feature-box-style-2 text-left vc_custom_1675292416910 shortcode-rand-9 zoacres-inline-css\" data-css=\"&quot;.shortcode-rand-9.feature-box-wrapper &gt; *:nth-child(1) { margin-bottom: 45px; }.shortcode-rand-9.feature-box-wrapper &gt; *:nth-child(2) { margin-bottom: 35px; }.shortcode-rand-9.feature-box-wrapper {background: -moz-linear-gradient(141deg,  0%,  51%,  75%);\\r\\n\\t\\t\\t\\tbackground: -webkit-linear-gradient(141deg,  0%,  51%,  75%);\\r\\n\\t\\t\\t\\tbackground: linear-gradient(141deg,  0%,  51%,  75%);}.shortcode-rand-9 .feature-box-icon { font-size: 70px; }.shortcode-rand-9:hover .feature-box-icon { background: none; }&quot;\" ><div class=\"feature-box-title\"><h4 class=\"section-title\">\u00c9quipe de travail performante<\/h4><\/div><!-- .feature-box-title --><div class=\"feature-box-icon text-center squared theme-color none\"><span class=\"icon-user-following\"><\/span><\/div><!-- .feature-box-icon --><div class=\"feature-box-content\">Notre \u00e9quipe fournit un service exceptionnel, des solutions personnalis\u00e9es pour vos projets immobiliers.<\/p>\n<p>Nous avons une grande exp\u00e9rience dans de nombreux domaines et nous vous aiderons \u00e0 chaque \u00e9tape pour obtenir le meilleur r\u00e9sultat possible.<\/p>\n<p>Que votre objectif soit d&rsquo;investir, de d\u00e9velopper ou d&rsquo;acheter, nous vous aidons \u00e0 assurer une transaction immobili\u00e8re sans heurts et \u00e0 atteindre vos objectifs immobiliers.<\/div><!-- .feature-box-content --><\/div><!-- .feature-box-wrapper -->[\/vc_column][vc_column offset=\u00a0\u00bbvc_col-lg-4 vc_col-md-4&Prime;]<div class=\"feature-box-wrapper feature-box-style-2 text-left vc_custom_1675292440532 shortcode-rand-10 zoacres-inline-css\" data-css=\"&quot;.shortcode-rand-10.feature-box-wrapper .section-title { color: #000000; }.shortcode-rand-10.feature-box-wrapper &gt; *:nth-child(1) { margin-bottom: 45px; }.shortcode-rand-10.feature-box-wrapper &gt; *:nth-child(2) { margin-bottom: 35px; }.shortcode-rand-10.feature-box-wrapper {background: -moz-linear-gradient(141deg,  0%,  51%,  75%);\\r\\n\\t\\t\\t\\tbackground: -webkit-linear-gradient(141deg,  0%,  51%,  75%);\\r\\n\\t\\t\\t\\tbackground: linear-gradient(141deg,  0%,  51%,  75%);}.shortcode-rand-10 .feature-box-icon { font-size: 70px; }.shortcode-rand-10:hover .feature-box-icon { background: none; }&quot;\" ><div class=\"feature-box-title\"><h4 class=\"section-title\">Investir dans le d\u00e9veloppement<\/h4><\/div><!-- .feature-box-title --><div class=\"feature-box-icon text-center squared theme-color none\"><span class=\"icon-layers\"><\/span><\/div><!-- .feature-box-icon --><div class=\"feature-box-content\">Laissez-nous vous aider \u00e0 trouver ou s\u00e9lectioner, construire ou r\u00e9nover une propri\u00e9t\u00e9 r\u00e9pondant \u00e0 vos besoins sp\u00e9cifiques.<\/p>\n<p>De la conception \u00e0 la r\u00e9alisation, nos professionnels travailleront avec vous pour imaginer, planifier, budg\u00e9tiser et construire l&rsquo;espace dont vous avez besoin.<\/p>\n<p>Nous g\u00e9rons les contrats de sous-traitance, planifions et coordonnons l&rsquo;ensemble de la construction, du d\u00e9but jusqu&rsquo;\u00e0 la livraison.<\/div><!-- .feature-box-content --><\/div><!-- .feature-box-wrapper -->[\/vc_column][\/vc_row]<\/p>\n<\/section>","protected":false},"excerpt":{"rendered":"<p>[vc_row css=\u00a0\u00bb.vc_custom_1674518631129{padding-top: 50px !important;padding-right: 10px !important;padding-bottom: 50px !important;padding-left: 10px !important;}\u00a0\u00bb][vc_column el_class=\u00a0\u00bbpr-md-5&Prime; offset=\u00a0\u00bbvc_col-lg-7 vc_col-md-12&Prime;][vc_empty_space height=\u00a0\u00bb20px\u00a0\u00bb][\/vc_column][vc_column offset=\u00a0\u00bbvc_col-lg-5 vc_col-md-12&Prime;][vc_single_image image=\u00a0\u00bb5960&Prime; img_size=\u00a0\u00bbfull\u00a0\u00bb css_animation=\u00a0\u00bbnone\u00a0\u00bb el_class=\u00a0\u00bbbg-img1&Prime;][\/vc_column][\/vc_row][vc_row css=\u00a0\u00bb.vc_custom_1675117251987{padding-top: 0px !important;padding-right: 0px !important;padding-bottom: 0px !important;padding-left: 0px !important;}\u00a0\u00bb][vc_column][vc_empty_space height=\u00a0\u00bb5px\u00a0\u00bb][\/vc_column][\/vc_row][vc_row full_width=\u00a0\u00bbstretch_row\u00a0\u00bb css=\u00a0\u00bb.vc_custom_1675116867806{padding-top: 10px !important;padding-bottom: 80px !important;}\u00a0\u00bb][vc_column offset=\u00a0\u00bbvc_col-lg-4 vc_col-md-4&Prime;][\/vc_column][vc_column offset=\u00a0\u00bbvc_col-lg-4 vc_col-md-4&Prime;][\/vc_column][vc_column offset=\u00a0\u00bbvc_col-lg-4 vc_col-md-4&Prime;][\/vc_column][\/vc_row]<\/p>\n","protected":false},"author":1,"featured_media":0,"parent":0,"menu_order":0,"comment_status":"closed","ping_status":"closed","template":"","meta":{"footnotes":""},"class_list":["post-6388","page","type-page","status-publish","hentry"],"yoast_head":"<!-- This site is optimized with the Yoast SEO plugin v27.5 - https:\/\/yoast.com\/product\/yoast-seo-wordpress\/ -->\n<title>A propos de nous - M.I. Development SA<\/title>\n<meta name=\"robots\" content=\"index, follow, max-snippet:-1, max-image-preview:large, max-video-preview:-1\" \/>\n<link rel=\"canonical\" href=\"https:\/\/midevelopment.ch\/fr\/a-propos\/\" \/>\n<meta property=\"og:locale\" content=\"fr_FR\" \/>\n<meta property=\"og:type\" content=\"article\" \/>\n<meta property=\"og:title\" content=\"A propos de nous - M.I. Development SA\" \/>\n<meta property=\"og:description\" content=\"[vc_row css=\u00a0\u00bb.vc_custom_1674518631129{padding-top: 50px !important;padding-right: 10px !important;padding-bottom: 50px !important;padding-left: 10px !important;}\u00a0\u00bb][vc_column el_class=\u00a0\u00bbpr-md-5&Prime; offset=\u00a0\u00bbvc_col-lg-7 vc_col-md-12&Prime;][vc_empty_space height=\u00a0\u00bb20px\u00a0\u00bb][\/vc_column][vc_column offset=\u00a0\u00bbvc_col-lg-5 vc_col-md-12&Prime;][vc_single_image image=\u00a0\u00bb5960&Prime; img_size=\u00a0\u00bbfull\u00a0\u00bb css_animation=\u00a0\u00bbnone\u00a0\u00bb el_class=\u00a0\u00bbbg-img1&Prime;][\/vc_column][\/vc_row][vc_row css=\u00a0\u00bb.vc_custom_1675117251987{padding-top: 0px !important;padding-right: 0px !important;padding-bottom: 0px !important;padding-left: 0px !important;}\u00a0\u00bb][vc_column][vc_empty_space height=\u00a0\u00bb5px\u00a0\u00bb][\/vc_column][\/vc_row][vc_row full_width=\u00a0\u00bbstretch_row\u00a0\u00bb css=\u00a0\u00bb.vc_custom_1675116867806{padding-top: 10px !important;padding-bottom: 80px !important;}\u00a0\u00bb][vc_column offset=\u00a0\u00bbvc_col-lg-4 vc_col-md-4&Prime;][\/vc_column][vc_column offset=\u00a0\u00bbvc_col-lg-4 vc_col-md-4&Prime;][\/vc_column][vc_column offset=\u00a0\u00bbvc_col-lg-4 vc_col-md-4&Prime;][\/vc_column][\/vc_row]\" \/>\n<meta property=\"og:url\" content=\"https:\/\/midevelopment.ch\/fr\/a-propos\/\" \/>\n<meta property=\"og:site_name\" content=\"M.I. Development SA\" \/>\n<meta property=\"article:modified_time\" content=\"2023-02-06T22:51:30+00:00\" \/>\n<meta name=\"twitter:card\" content=\"summary_large_image\" \/>\n<meta name=\"twitter:label1\" content=\"Dur\u00e9e de lecture estim\u00e9e\" \/>\n\t<meta name=\"twitter:data1\" content=\"5 minutes\" \/>\n<script type=\"application\/ld+json\" class=\"yoast-schema-graph\">{\"@context\":\"https:\\\/\\\/schema.org\",\"@graph\":[{\"@type\":\"WebPage\",\"@id\":\"https:\\\/\\\/midevelopment.ch\\\/fr\\\/a-propos\\\/\",\"url\":\"https:\\\/\\\/midevelopment.ch\\\/fr\\\/a-propos\\\/\",\"name\":\"A propos de nous - M.I. Development SA\",\"isPartOf\":{\"@id\":\"https:\\\/\\\/midevelopment.ch\\\/fr\\\/#website\"},\"datePublished\":\"2018-06-09T09:42:25+00:00\",\"dateModified\":\"2023-02-06T22:51:30+00:00\",\"breadcrumb\":{\"@id\":\"https:\\\/\\\/midevelopment.ch\\\/fr\\\/a-propos\\\/#breadcrumb\"},\"inLanguage\":\"fr-FR\",\"potentialAction\":[{\"@type\":\"ReadAction\",\"target\":[\"https:\\\/\\\/midevelopment.ch\\\/fr\\\/a-propos\\\/\"]}]},{\"@type\":\"BreadcrumbList\",\"@id\":\"https:\\\/\\\/midevelopment.ch\\\/fr\\\/a-propos\\\/#breadcrumb\",\"itemListElement\":[{\"@type\":\"ListItem\",\"position\":1,\"name\":\"Home\",\"item\":\"https:\\\/\\\/midevelopment.ch\\\/fr\\\/\"},{\"@type\":\"ListItem\",\"position\":2,\"name\":\"A propos de nous\"}]},{\"@type\":\"WebSite\",\"@id\":\"https:\\\/\\\/midevelopment.ch\\\/fr\\\/#website\",\"url\":\"https:\\\/\\\/midevelopment.ch\\\/fr\\\/\",\"name\":\"M.I. Development SA\",\"description\":\"M.I. Development SA\",\"publisher\":{\"@id\":\"https:\\\/\\\/midevelopment.ch\\\/fr\\\/#organization\"},\"potentialAction\":[{\"@type\":\"SearchAction\",\"target\":{\"@type\":\"EntryPoint\",\"urlTemplate\":\"https:\\\/\\\/midevelopment.ch\\\/fr\\\/?s={search_term_string}\"},\"query-input\":{\"@type\":\"PropertyValueSpecification\",\"valueRequired\":true,\"valueName\":\"search_term_string\"}}],\"inLanguage\":\"fr-FR\"},{\"@type\":\"Organization\",\"@id\":\"https:\\\/\\\/midevelopment.ch\\\/fr\\\/#organization\",\"name\":\"M.I. Development SA\",\"url\":\"https:\\\/\\\/midevelopment.ch\\\/fr\\\/\",\"logo\":{\"@type\":\"ImageObject\",\"inLanguage\":\"fr-FR\",\"@id\":\"https:\\\/\\\/midevelopment.ch\\\/fr\\\/#\\\/schema\\\/logo\\\/image\\\/\",\"url\":\"https:\\\/\\\/midevelopment.ch\\\/wp-content\\\/uploads\\\/2022\\\/11\\\/midev_logo_hor.png\",\"contentUrl\":\"https:\\\/\\\/midevelopment.ch\\\/wp-content\\\/uploads\\\/2022\\\/11\\\/midev_logo_hor.png\",\"width\":127,\"height\":69,\"caption\":\"M.I. Development SA\"},\"image\":{\"@id\":\"https:\\\/\\\/midevelopment.ch\\\/fr\\\/#\\\/schema\\\/logo\\\/image\\\/\"},\"sameAs\":[\"https:\\\/\\\/www.linkedin.com\\\/company\\\/m-i-development\\\/\"]}]}<\/script>\n<!-- \/ Yoast SEO plugin. -->","yoast_head_json":{"title":"A propos de nous - M.I. Development SA","robots":{"index":"index","follow":"follow","max-snippet":"max-snippet:-1","max-image-preview":"max-image-preview:large","max-video-preview":"max-video-preview:-1"},"canonical":"https:\/\/midevelopment.ch\/fr\/a-propos\/","og_locale":"fr_FR","og_type":"article","og_title":"A propos de nous - M.I. Development SA","og_description":"[vc_row css=\u00a0\u00bb.vc_custom_1674518631129{padding-top: 50px !important;padding-right: 10px !important;padding-bottom: 50px !important;padding-left: 10px !important;}\u00a0\u00bb][vc_column el_class=\u00a0\u00bbpr-md-5&Prime; offset=\u00a0\u00bbvc_col-lg-7 vc_col-md-12&Prime;][vc_empty_space height=\u00a0\u00bb20px\u00a0\u00bb][\/vc_column][vc_column offset=\u00a0\u00bbvc_col-lg-5 vc_col-md-12&Prime;][vc_single_image image=\u00a0\u00bb5960&Prime; img_size=\u00a0\u00bbfull\u00a0\u00bb css_animation=\u00a0\u00bbnone\u00a0\u00bb el_class=\u00a0\u00bbbg-img1&Prime;][\/vc_column][\/vc_row][vc_row css=\u00a0\u00bb.vc_custom_1675117251987{padding-top: 0px !important;padding-right: 0px !important;padding-bottom: 0px !important;padding-left: 0px !important;}\u00a0\u00bb][vc_column][vc_empty_space height=\u00a0\u00bb5px\u00a0\u00bb][\/vc_column][\/vc_row][vc_row full_width=\u00a0\u00bbstretch_row\u00a0\u00bb css=\u00a0\u00bb.vc_custom_1675116867806{padding-top: 10px !important;padding-bottom: 80px !important;}\u00a0\u00bb][vc_column offset=\u00a0\u00bbvc_col-lg-4 vc_col-md-4&Prime;][\/vc_column][vc_column offset=\u00a0\u00bbvc_col-lg-4 vc_col-md-4&Prime;][\/vc_column][vc_column offset=\u00a0\u00bbvc_col-lg-4 vc_col-md-4&Prime;][\/vc_column][\/vc_row]","og_url":"https:\/\/midevelopment.ch\/fr\/a-propos\/","og_site_name":"M.I. Development SA","article_modified_time":"2023-02-06T22:51:30+00:00","twitter_card":"summary_large_image","twitter_misc":{"Dur\u00e9e de lecture estim\u00e9e":"5 minutes"},"schema":{"@context":"https:\/\/schema.org","@graph":[{"@type":"WebPage","@id":"https:\/\/midevelopment.ch\/fr\/a-propos\/","url":"https:\/\/midevelopment.ch\/fr\/a-propos\/","name":"A propos de nous - M.I. Development SA","isPartOf":{"@id":"https:\/\/midevelopment.ch\/fr\/#website"},"datePublished":"2018-06-09T09:42:25+00:00","dateModified":"2023-02-06T22:51:30+00:00","breadcrumb":{"@id":"https:\/\/midevelopment.ch\/fr\/a-propos\/#breadcrumb"},"inLanguage":"fr-FR","potentialAction":[{"@type":"ReadAction","target":["https:\/\/midevelopment.ch\/fr\/a-propos\/"]}]},{"@type":"BreadcrumbList","@id":"https:\/\/midevelopment.ch\/fr\/a-propos\/#breadcrumb","itemListElement":[{"@type":"ListItem","position":1,"name":"Home","item":"https:\/\/midevelopment.ch\/fr\/"},{"@type":"ListItem","position":2,"name":"A propos de nous"}]},{"@type":"WebSite","@id":"https:\/\/midevelopment.ch\/fr\/#website","url":"https:\/\/midevelopment.ch\/fr\/","name":"M.I. Development SA","description":"M.I. Development SA","publisher":{"@id":"https:\/\/midevelopment.ch\/fr\/#organization"},"potentialAction":[{"@type":"SearchAction","target":{"@type":"EntryPoint","urlTemplate":"https:\/\/midevelopment.ch\/fr\/?s={search_term_string}"},"query-input":{"@type":"PropertyValueSpecification","valueRequired":true,"valueName":"search_term_string"}}],"inLanguage":"fr-FR"},{"@type":"Organization","@id":"https:\/\/midevelopment.ch\/fr\/#organization","name":"M.I. Development SA","url":"https:\/\/midevelopment.ch\/fr\/","logo":{"@type":"ImageObject","inLanguage":"fr-FR","@id":"https:\/\/midevelopment.ch\/fr\/#\/schema\/logo\/image\/","url":"https:\/\/midevelopment.ch\/wp-content\/uploads\/2022\/11\/midev_logo_hor.png","contentUrl":"https:\/\/midevelopment.ch\/wp-content\/uploads\/2022\/11\/midev_logo_hor.png","width":127,"height":69,"caption":"M.I. Development SA"},"image":{"@id":"https:\/\/midevelopment.ch\/fr\/#\/schema\/logo\/image\/"},"sameAs":["https:\/\/www.linkedin.com\/company\/m-i-development\/"]}]}},"_links":{"self":[{"href":"https:\/\/midevelopment.ch\/fr\/wp-json\/wp\/v2\/pages\/6388","targetHints":{"allow":["GET"]}}],"collection":[{"href":"https:\/\/midevelopment.ch\/fr\/wp-json\/wp\/v2\/pages"}],"about":[{"href":"https:\/\/midevelopment.ch\/fr\/wp-json\/wp\/v2\/types\/page"}],"author":[{"embeddable":true,"href":"https:\/\/midevelopment.ch\/fr\/wp-json\/wp\/v2\/users\/1"}],"replies":[{"embeddable":true,"href":"https:\/\/midevelopment.ch\/fr\/wp-json\/wp\/v2\/comments?post=6388"}],"version-history":[{"count":63,"href":"https:\/\/midevelopment.ch\/fr\/wp-json\/wp\/v2\/pages\/6388\/revisions"}],"predecessor-version":[{"id":7361,"href":"https:\/\/midevelopment.ch\/fr\/wp-json\/wp\/v2\/pages\/6388\/revisions\/7361"}],"wp:attachment":[{"href":"https:\/\/midevelopment.ch\/fr\/wp-json\/wp\/v2\/media?parent=6388"}],"curies":[{"name":"wp","href":"https:\/\/api.w.org\/{rel}","templated":true}]}}